{"id":809,"date":"2020-02-21T20:36:19","date_gmt":"2020-02-21T20:36:19","guid":{"rendered":"https:\/\/www.pv-vonat.hu\/?page_id=809"},"modified":"2020-03-20T18:41:59","modified_gmt":"2020-03-20T18:41:59","slug":"alkatreszkent-arult","status":"publish","type":"page","link":"https:\/\/www.pv-vonat.hu\/?page_id=809","title":{"rendered":"ALKATR\u00c9SZK\u00c9NT \u00c1RULT"},"content":{"rendered":"\t\t<div data-elementor-type=\"wp-page\" data-elementor-id=\"809\" class=\"elementor elementor-809\">\n\t\t\t\t\t\t<section class=\"elementor-section elementor-top-section elementor-element elementor-element-73574f4 elementor-section-full_width elementor-section-height-default elementor-section-height-default\" data-id=\"73574f4\" data-element_type=\"section\">\n\t\t\t\t\t\t<div class=\"elementor-container elementor-column-gap-default\">\n\t\t\t\t\t<div class=\"elementor-column elementor-col-100 elementor-top-column elementor-element elementor-element-323c64a\" data-id=\"323c64a\" data-element_type=\"column\">\n\t\t\t<div class=\"elementor-widget-wrap elementor-element-populated\">\n\t\t\t\t\t\t<div class=\"elementor-element elementor-element-77dadd5 elementor-widget elementor-widget-image-gallery\" data-id=\"77dadd5\" data-element_type=\"widget\" data-widget_type=\"image-gallery.default\">\n\t\t\t\t<div class=\"elementor-widget-container\">\n\t\t\t\t\t<div class=\"elementor-image-gallery\">\n\t\t\t\n\t\t<style type=\"text\/css\">\n\t\t\t#gallery-1 {\n\t\t\t\tmargin: auto;\n\t\t\t}\n\t\t\t#gallery-1 .gallery-item {\n\t\t\t\tfloat: left;\n\t\t\t\tmargin-top: 10px;\n\t\t\t\ttext-align: center;\n\t\t\t\twidth: 25%;\n\t\t\t}\n\t\t\t#gallery-1 img {\n\t\t\t\tborder: 2px solid #cfcfcf;\n\t\t\t}\n\t\t\t#gallery-1 .gallery-caption {\n\t\t\t\tmargin-left: 0;\n\t\t\t}\n\t\t\t\/* see gallery_shortcode() in wp-includes\/media.php *\/\n\t\t<\/style>\n\t\t<div id='gallery-1' class='gallery galleryid-809 gallery-columns-4 gallery-size-thumbnail'><dl class='gallery-item'>\n\t\t\t<dt class='gallery-icon landscape'>\n\t\t\t\t<a data-elementor-open-lightbox=\"yes\" data-elementor-lightbox-slideshow=\"77dadd5\" data-elementor-lightbox-title=\"IMG_4468 kicsi 00 (1)\" data-e-action-hash=\"#elementor-action%3Aaction%3Dlightbox%26settings%3DeyJpZCI6ODExLCJ1cmwiOiJodHRwczpcL1wvd3d3LnB2LXZvbmF0Lmh1XC93cC1jb250ZW50XC91cGxvYWRzXC8yMDIwXC8wMlwvSU1HXzQ0Njgta2ljc2ktMDAtMS5qcGciLCJzbGlkZXNob3ciOiI3N2RhZGQ1In0%3D\" href='https:\/\/www.pv-vonat.hu\/wp-content\/uploads\/2020\/02\/IMG_4468-kicsi-00-1.jpg'><img decoding=\"async\" width=\"150\" height=\"150\" src=\"https:\/\/www.pv-vonat.hu\/wp-content\/uploads\/2020\/02\/IMG_4468-kicsi-00-1-150x150.jpg\" class=\"attachment-thumbnail size-thumbnail\" alt=\"\" \/><\/a>\n\t\t\t<\/dt><\/dl><dl class='gallery-item'>\n\t\t\t<dt class='gallery-icon landscape'>\n\t\t\t\t<a data-elementor-open-lightbox=\"yes\" data-elementor-lightbox-slideshow=\"77dadd5\" data-elementor-lightbox-title=\"IMG_4473 kicsi 00 (1)\" data-e-action-hash=\"#elementor-action%3Aaction%3Dlightbox%26settings%3DeyJpZCI6ODE0LCJ1cmwiOiJodHRwczpcL1wvd3d3LnB2LXZvbmF0Lmh1XC93cC1jb250ZW50XC91cGxvYWRzXC8yMDIwXC8wMlwvSU1HXzQ0NzMta2ljc2ktMDAtMS5qcGciLCJzbGlkZXNob3ciOiI3N2RhZGQ1In0%3D\" href='https:\/\/www.pv-vonat.hu\/wp-content\/uploads\/2020\/02\/IMG_4473-kicsi-00-1.jpg'><img decoding=\"async\" width=\"150\" height=\"150\" src=\"https:\/\/www.pv-vonat.hu\/wp-content\/uploads\/2020\/02\/IMG_4473-kicsi-00-1-150x150.jpg\" class=\"attachment-thumbnail size-thumbnail\" alt=\"\" \/><\/a>\n\t\t\t<\/dt><\/dl><dl class='gallery-item'>\n\t\t\t<dt class='gallery-icon landscape'>\n\t\t\t\t<a data-elementor-open-lightbox=\"yes\" data-elementor-lightbox-slideshow=\"77dadd5\" data-elementor-lightbox-title=\"IMG_4471 kicsi 00 (1)\" data-e-action-hash=\"#elementor-action%3Aaction%3Dlightbox%26settings%3DeyJpZCI6ODEzLCJ1cmwiOiJodHRwczpcL1wvd3d3LnB2LXZvbmF0Lmh1XC93cC1jb250ZW50XC91cGxvYWRzXC8yMDIwXC8wMlwvSU1HXzQ0NzEta2ljc2ktMDAtMS5qcGciLCJzbGlkZXNob3ciOiI3N2RhZGQ1In0%3D\" href='https:\/\/www.pv-vonat.hu\/wp-content\/uploads\/2020\/02\/IMG_4471-kicsi-00-1.jpg'><img decoding=\"async\" width=\"150\" height=\"150\" src=\"https:\/\/www.pv-vonat.hu\/wp-content\/uploads\/2020\/02\/IMG_4471-kicsi-00-1-150x150.jpg\" class=\"attachment-thumbnail size-thumbnail\" alt=\"\" \/><\/a>\n\t\t\t<\/dt><\/dl><dl class='gallery-item'>\n\t\t\t<dt class='gallery-icon landscape'>\n\t\t\t\t<a data-elementor-open-lightbox=\"yes\" data-elementor-lightbox-slideshow=\"77dadd5\" data-elementor-lightbox-title=\"IMG_4469 kicsi 00 (1)\" data-e-action-hash=\"#elementor-action%3Aaction%3Dlightbox%26settings%3DeyJpZCI6ODEyLCJ1cmwiOiJodHRwczpcL1wvd3d3LnB2LXZvbmF0Lmh1XC93cC1jb250ZW50XC91cGxvYWRzXC8yMDIwXC8wMlwvSU1HXzQ0Njkta2ljc2ktMDAtMS5qcGciLCJzbGlkZXNob3ciOiI3N2RhZGQ1In0%3D\" href='https:\/\/www.pv-vonat.hu\/wp-content\/uploads\/2020\/02\/IMG_4469-kicsi-00-1.jpg'><img loading=\"lazy\" decoding=\"async\" width=\"150\" height=\"150\" src=\"https:\/\/www.pv-vonat.hu\/wp-content\/uploads\/2020\/02\/IMG_4469-kicsi-00-1-150x150.jpg\" class=\"attachment-thumbnail size-thumbnail\" alt=\"\" \/><\/a>\n\t\t\t<\/dt><\/dl><br style=\"clear: both\" \/><dl class='gallery-item'>\n\t\t\t<dt class='gallery-icon landscape'>\n\t\t\t\t<a data-elementor-open-lightbox=\"yes\" data-elementor-lightbox-slideshow=\"77dadd5\" data-elementor-lightbox-title=\"P1100032 kicsi 00 (1)\" data-e-action-hash=\"#elementor-action%3Aaction%3Dlightbox%26settings%3DeyJpZCI6ODE5LCJ1cmwiOiJodHRwczpcL1wvd3d3LnB2LXZvbmF0Lmh1XC93cC1jb250ZW50XC91cGxvYWRzXC8yMDIwXC8wMlwvUDExMDAwMzIta2ljc2ktMDAtMS5qcGciLCJzbGlkZXNob3ciOiI3N2RhZGQ1In0%3D\" href='https:\/\/www.pv-vonat.hu\/wp-content\/uploads\/2020\/02\/P1100032-kicsi-00-1.jpg'><img loading=\"lazy\" decoding=\"async\" width=\"150\" height=\"150\" src=\"https:\/\/www.pv-vonat.hu\/wp-content\/uploads\/2020\/02\/P1100032-kicsi-00-1-150x150.jpg\" class=\"attachment-thumbnail size-thumbnail\" alt=\"\" \/><\/a>\n\t\t\t<\/dt><\/dl><dl class='gallery-item'>\n\t\t\t<dt class='gallery-icon landscape'>\n\t\t\t\t<a data-elementor-open-lightbox=\"yes\" data-elementor-lightbox-slideshow=\"77dadd5\" data-elementor-lightbox-title=\"P1100035 00 (1)\" data-e-action-hash=\"#elementor-action%3Aaction%3Dlightbox%26settings%3DeyJpZCI6ODIwLCJ1cmwiOiJodHRwczpcL1wvd3d3LnB2LXZvbmF0Lmh1XC93cC1jb250ZW50XC91cGxvYWRzXC8yMDIwXC8wMlwvUDExMDAwMzUtMDAtMS5qcGciLCJzbGlkZXNob3ciOiI3N2RhZGQ1In0%3D\" href='https:\/\/www.pv-vonat.hu\/wp-content\/uploads\/2020\/02\/P1100035-00-1.jpg'><img loading=\"lazy\" decoding=\"async\" width=\"150\" height=\"150\" src=\"https:\/\/www.pv-vonat.hu\/wp-content\/uploads\/2020\/02\/P1100035-00-1-150x150.jpg\" class=\"attachment-thumbnail size-thumbnail\" alt=\"\" \/><\/a>\n\t\t\t<\/dt><\/dl><dl class='gallery-item'>\n\t\t\t<dt class='gallery-icon landscape'>\n\t\t\t\t<a data-elementor-open-lightbox=\"yes\" data-elementor-lightbox-slideshow=\"77dadd5\" data-elementor-lightbox-title=\"IMG_4583 00 (1)\" data-e-action-hash=\"#elementor-action%3Aaction%3Dlightbox%26settings%3DeyJpZCI6ODk1LCJ1cmwiOiJodHRwczpcL1wvd3d3LnB2LXZvbmF0Lmh1XC93cC1jb250ZW50XC91cGxvYWRzXC8yMDIwXC8wMlwvSU1HXzQ1ODMtMDAtMS5qcGciLCJzbGlkZXNob3ciOiI3N2RhZGQ1In0%3D\" href='https:\/\/www.pv-vonat.hu\/wp-content\/uploads\/2020\/02\/IMG_4583-00-1.jpg'><img loading=\"lazy\" decoding=\"async\" width=\"150\" height=\"150\" src=\"https:\/\/www.pv-vonat.hu\/wp-content\/uploads\/2020\/02\/IMG_4583-00-1-150x150.jpg\" class=\"attachment-thumbnail size-thumbnail\" alt=\"\" \/><\/a>\n\t\t\t<\/dt><\/dl><dl class='gallery-item'>\n\t\t\t<dt class='gallery-icon landscape'>\n\t\t\t\t<a data-elementor-open-lightbox=\"yes\" data-elementor-lightbox-slideshow=\"77dadd5\" data-elementor-lightbox-title=\"P1100038 00 (1)\" data-e-action-hash=\"#elementor-action%3Aaction%3Dlightbox%26settings%3DeyJpZCI6ODIxLCJ1cmwiOiJodHRwczpcL1wvd3d3LnB2LXZvbmF0Lmh1XC93cC1jb250ZW50XC91cGxvYWRzXC8yMDIwXC8wMlwvUDExMDAwMzgtMDAtMS5qcGciLCJzbGlkZXNob3ciOiI3N2RhZGQ1In0%3D\" href='https:\/\/www.pv-vonat.hu\/wp-content\/uploads\/2020\/02\/P1100038-00-1.jpg'><img loading=\"lazy\" decoding=\"async\" width=\"150\" height=\"150\" src=\"https:\/\/www.pv-vonat.hu\/wp-content\/uploads\/2020\/02\/P1100038-00-1-150x150.jpg\" class=\"attachment-thumbnail size-thumbnail\" alt=\"\" \/><\/a>\n\t\t\t<\/dt><\/dl><br style=\"clear: both\" \/><dl class='gallery-item'>\n\t\t\t<dt class='gallery-icon landscape'>\n\t\t\t\t<a data-elementor-open-lightbox=\"yes\" data-elementor-lightbox-slideshow=\"77dadd5\" data-elementor-lightbox-title=\"P1100041 00 (1)\" data-e-action-hash=\"#elementor-action%3Aaction%3Dlightbox%26settings%3DeyJpZCI6ODIyLCJ1cmwiOiJodHRwczpcL1wvd3d3LnB2LXZvbmF0Lmh1XC93cC1jb250ZW50XC91cGxvYWRzXC8yMDIwXC8wMlwvUDExMDAwNDEtMDAtMS5qcGciLCJzbGlkZXNob3ciOiI3N2RhZGQ1In0%3D\" href='https:\/\/www.pv-vonat.hu\/wp-content\/uploads\/2020\/02\/P1100041-00-1.jpg'><img loading=\"lazy\" decoding=\"async\" width=\"150\" height=\"150\" src=\"https:\/\/www.pv-vonat.hu\/wp-content\/uploads\/2020\/02\/P1100041-00-1-150x150.jpg\" class=\"attachment-thumbnail size-thumbnail\" alt=\"\" \/><\/a>\n\t\t\t<\/dt><\/dl><dl class='gallery-item'>\n\t\t\t<dt class='gallery-icon landscape'>\n\t\t\t\t<a data-elementor-open-lightbox=\"yes\" data-elementor-lightbox-slideshow=\"77dadd5\" data-elementor-lightbox-title=\"IMG_4579 00 (1)\" data-e-action-hash=\"#elementor-action%3Aaction%3Dlightbox%26settings%3DeyJpZCI6ODE1LCJ1cmwiOiJodHRwczpcL1wvd3d3LnB2LXZvbmF0Lmh1XC93cC1jb250ZW50XC91cGxvYWRzXC8yMDIwXC8wMlwvSU1HXzQ1NzktMDAtMS5qcGciLCJzbGlkZXNob3ciOiI3N2RhZGQ1In0%3D\" href='https:\/\/www.pv-vonat.hu\/wp-content\/uploads\/2020\/02\/IMG_4579-00-1.jpg'><img loading=\"lazy\" decoding=\"async\" width=\"150\" height=\"150\" src=\"https:\/\/www.pv-vonat.hu\/wp-content\/uploads\/2020\/02\/IMG_4579-00-1-150x150.jpg\" class=\"attachment-thumbnail size-thumbnail\" alt=\"\" \/><\/a>\n\t\t\t<\/dt><\/dl><dl class='gallery-item'>\n\t\t\t<dt class='gallery-icon landscape'>\n\t\t\t\t<a data-elementor-open-lightbox=\"yes\" data-elementor-lightbox-slideshow=\"77dadd5\" data-elementor-lightbox-title=\"IMG_4580 00 (1)\" data-e-action-hash=\"#elementor-action%3Aaction%3Dlightbox%26settings%3DeyJpZCI6ODE2LCJ1cmwiOiJodHRwczpcL1wvd3d3LnB2LXZvbmF0Lmh1XC93cC1jb250ZW50XC91cGxvYWRzXC8yMDIwXC8wMlwvSU1HXzQ1ODAtMDAtMS5qcGciLCJzbGlkZXNob3ciOiI3N2RhZGQ1In0%3D\" href='https:\/\/www.pv-vonat.hu\/wp-content\/uploads\/2020\/02\/IMG_4580-00-1.jpg'><img loading=\"lazy\" decoding=\"async\" width=\"150\" height=\"150\" src=\"https:\/\/www.pv-vonat.hu\/wp-content\/uploads\/2020\/02\/IMG_4580-00-1-150x150.jpg\" class=\"attachment-thumbnail size-thumbnail\" alt=\"\" \/><\/a>\n\t\t\t<\/dt><\/dl><dl class='gallery-item'>\n\t\t\t<dt class='gallery-icon landscape'>\n\t\t\t\t<a data-elementor-open-lightbox=\"yes\" data-elementor-lightbox-slideshow=\"77dadd5\" data-elementor-lightbox-title=\"IMG_4582 00 (1)\" data-e-action-hash=\"#elementor-action%3Aaction%3Dlightbox%26settings%3DeyJpZCI6ODE3LCJ1cmwiOiJodHRwczpcL1wvd3d3LnB2LXZvbmF0Lmh1XC93cC1jb250ZW50XC91cGxvYWRzXC8yMDIwXC8wMlwvSU1HXzQ1ODItMDAtMS5qcGciLCJzbGlkZXNob3ciOiI3N2RhZGQ1In0%3D\" href='https:\/\/www.pv-vonat.hu\/wp-content\/uploads\/2020\/02\/IMG_4582-00-1.jpg'><img loading=\"lazy\" decoding=\"async\" width=\"150\" height=\"150\" src=\"https:\/\/www.pv-vonat.hu\/wp-content\/uploads\/2020\/02\/IMG_4582-00-1-150x150.jpg\" class=\"attachment-thumbnail size-thumbnail\" alt=\"\" \/><\/a>\n\t\t\t<\/dt><\/dl><br style=\"clear: both\" \/><dl class='gallery-item'>\n\t\t\t<dt class='gallery-icon landscape'>\n\t\t\t\t<a data-elementor-open-lightbox=\"yes\" data-elementor-lightbox-slideshow=\"77dadd5\" data-elementor-lightbox-title=\"IMG_4755 kicsi 00 (1)\" data-e-action-hash=\"#elementor-action%3Aaction%3Dlightbox%26settings%3DeyJpZCI6ODE4LCJ1cmwiOiJodHRwczpcL1wvd3d3LnB2LXZvbmF0Lmh1XC93cC1jb250ZW50XC91cGxvYWRzXC8yMDIwXC8wMlwvSU1HXzQ3NTUta2ljc2ktMDAtMS5qcGciLCJzbGlkZXNob3ciOiI3N2RhZGQ1In0%3D\" href='https:\/\/www.pv-vonat.hu\/wp-content\/uploads\/2020\/02\/IMG_4755-kicsi-00-1.jpg'><img loading=\"lazy\" decoding=\"async\" width=\"150\" height=\"150\" src=\"https:\/\/www.pv-vonat.hu\/wp-content\/uploads\/2020\/02\/IMG_4755-kicsi-00-1-150x150.jpg\" class=\"attachment-thumbnail size-thumbnail\" alt=\"\" \/><\/a>\n\t\t\t<\/dt><\/dl><dl class='gallery-item'>\n\t\t\t<dt class='gallery-icon landscape'>\n\t\t\t\t<a data-elementor-open-lightbox=\"yes\" data-elementor-lightbox-slideshow=\"77dadd5\" data-elementor-lightbox-title=\"IMG_4321 101\" data-e-action-hash=\"#elementor-action%3Aaction%3Dlightbox%26settings%3DeyJpZCI6MTA1MiwidXJsIjoiaHR0cHM6XC9cL3d3dy5wdi12b25hdC5odVwvd3AtY29udGVudFwvdXBsb2Fkc1wvMjAyMFwvMDNcL0lNR180MzIxLTEwMS5qcGciLCJzbGlkZXNob3ciOiI3N2RhZGQ1In0%3D\" href='https:\/\/www.pv-vonat.hu\/wp-content\/uploads\/2020\/03\/IMG_4321-101.jpg'><img loading=\"lazy\" decoding=\"async\" width=\"150\" height=\"150\" src=\"https:\/\/www.pv-vonat.hu\/wp-content\/uploads\/2020\/03\/IMG_4321-101-150x150.jpg\" class=\"attachment-thumbnail size-thumbnail\" alt=\"\" \/><\/a>\n\t\t\t<\/dt><\/dl>\n\t\t\t<br style='clear: both' \/>\n\t\t<\/div>\n\t\t<\/div>\n\t\t\t\t<\/div>\n\t\t\t\t<\/div>\n\t\t\t\t\t<\/div>\n\t\t<\/div>\n\t\t\t\t\t<\/div>\n\t\t<\/section>\n\t\t\t\t<\/div>\n\t\t","protected":false},"excerpt":{"rendered":"","protected":false},"author":1,"featured_media":0,"parent":0,"menu_order":0,"comment_status":"closed","ping_status":"closed","template":"","meta":{"ngg_post_thumbnail":0,"footnotes":""},"_links":{"self":[{"href":"https:\/\/www.pv-vonat.hu\/index.php?rest_route=\/wp\/v2\/pages\/809"}],"collection":[{"href":"https:\/\/www.pv-vonat.hu\/index.php?rest_route=\/wp\/v2\/pages"}],"about":[{"href":"https:\/\/www.pv-vonat.hu\/index.php?rest_route=\/wp\/v2\/types\/page"}],"author":[{"embeddable":true,"href":"https:\/\/www.pv-vonat.hu\/index.php?rest_route=\/wp\/v2\/users\/1"}],"replies":[{"embeddable":true,"href":"https:\/\/www.pv-vonat.hu\/index.php?rest_route=%2Fwp%2Fv2%2Fcomments&post=809"}],"version-history":[{"count":4,"href":"https:\/\/www.pv-vonat.hu\/index.php?rest_route=\/wp\/v2\/pages\/809\/revisions"}],"predecessor-version":[{"id":1053,"href":"https:\/\/www.pv-vonat.hu\/index.php?rest_route=\/wp\/v2\/pages\/809\/revisions\/1053"}],"wp:attachment":[{"href":"https:\/\/www.pv-vonat.hu\/index.php?rest_route=%2Fwp%2Fv2%2Fmedia&parent=809"}],"curies":[{"name":"wp","href":"https:\/\/api.w.org\/{rel}","templated":true}]}}