{"id":31,"date":"2020-01-03T14:16:08","date_gmt":"2020-01-03T14:16:08","guid":{"rendered":"https:\/\/www.pv-vonat.hu\/?page_id=31"},"modified":"2020-03-19T18:01:56","modified_gmt":"2020-03-19T18:01:56","slug":"the-new-umoma-opens-its-doors-2","status":"publish","type":"page","link":"https:\/\/www.pv-vonat.hu\/","title":{"rendered":"Pv vonatok"},"content":{"rendered":"\t\t<div data-elementor-type=\"wp-page\" data-elementor-id=\"31\" class=\"elementor elementor-31\">\n\t\t\t\t\t\t<section class=\"elementor-section elementor-top-section elementor-element elementor-element-6c0a0ed elementor-section-boxed elementor-section-height-default elementor-section-height-default\" data-id=\"6c0a0ed\" data-element_type=\"section\">\n\t\t\t\t\t\t<div class=\"elementor-container elementor-column-gap-default\">\n\t\t\t\t\t<div class=\"elementor-column elementor-col-33 elementor-top-column elementor-element elementor-element-6b98d49\" data-id=\"6b98d49\" data-element_type=\"column\">\n\t\t\t<div class=\"elementor-widget-wrap\">\n\t\t\t\t\t\t\t<\/div>\n\t\t<\/div>\n\t\t\t\t<div class=\"elementor-column elementor-col-33 elementor-top-column elementor-element elementor-element-6be426f\" data-id=\"6be426f\" data-element_type=\"column\">\n\t\t\t<div class=\"elementor-widget-wrap elementor-element-populated\">\n\t\t\t\t\t\t<div class=\"elementor-element elementor-element-6230da5 elementor-widget elementor-widget-text-editor\" data-id=\"6230da5\" data-element_type=\"widget\" data-widget_type=\"text-editor.default\">\n\t\t\t\t<div class=\"elementor-widget-container\">\n\t\t\t\t\t\t\t<p><strong>Mindenkit \u00fcdv\u00f6zl\u00f6k ezen az oldalon, aki szereti az \u00c1llami P\u00e9nzver\u0151 \u00e1ltal gy\u00e1rtott, lemezb\u0151l k\u00e9sz\u00fclt j\u00e1t\u00e9kvasutakat, vagy m\u00e9g csak most ismerkedik ezekkel a r\u00e9gi, sz\u00e9p j\u00e1t\u00e9kokkal.<\/strong><\/p><p><strong>Ezt az oldalt hi\u00e1nyp\u00f3tl\u00e1s c\u00e9lj\u00e1b\u00f3l hoztam l\u00e9tre, mivel eddig szinte semmilyen inform\u00e1ci\u00f3 nem \u00e1llt rendelkez\u00e9sre a neten ezekr\u0151l a modellekr\u0151l.<\/strong><\/p><p><strong>Ahogy id\u0151m engedi, folyamatosan fejlesztem \u00e9s t\u00f6lt\u00f6m fel a k\u00e9peket a mozdonyokr\u00f3l, kocsikr\u00f3l, s\u00ednekr\u0151l, traf\u00f3kr\u00f3l, stb&#8230;<\/strong><\/p><p><strong>\u00dczeneteket, \u00e9szrev\u00e9teleket, k\u00e9peket \u00fajabb modellekr\u0151l a <a href=\"mailto:pv-vonat@freemail.hu\">pv-vonat@freemail.hu<\/a>\u00a0c\u00edmre k\u00fcldjetek.<\/strong><\/p><p><strong><u>KERESEK (megv\u00e9telre)<\/u>: PV Helikon Express szerelv\u00e9nyeket, PV El\u0151re \u00e9s PV Pann\u00f3nia tehervagonokat, \u00e9s mindent, ami PV, de az oldalon m\u00e9g nem tal\u00e1lhat\u00f3&#8230;<\/strong><\/p><p><strong>\u00dcdv\u00f6zlettel: izs-49<\/strong><\/p><p><strong>A fejl\u00e9cben az igen ritka\u00a0Helikon csal\u00e1d sz\u00ednvari\u00e1ci\u00f3inak egy r\u00e9sze l\u00e1that\u00f3.<\/strong><\/p><p><strong>Keres\u0151szavak (hogy r\u00e1nk tal\u00e1ljon a google \u00e9s a t\u00f6bbi keres\u0151 oldal):\u00a0 pv , PV , P\u00e9V\u00e9 , p\u00e9nzverdei j\u00e1t\u00e9kvas\u00fat , p\u00e9nzver\u0151s j\u00e1t\u00e9kvas\u00fat , \u00a0p\u00e9nzver\u0151s vonat , \u00a0p\u00e9v\u00e9 el\u0151re , pv pann\u00f3nia , pv helikon , p\u00e9nzverde vonat , pv-s vasutak , pv modellek , pv vas\u00fatmodellek <br \/><\/strong><\/p><p><strong>A honlapon szerepl\u0151 k\u00e9pek \u00e9s \u00edrott anyagok teljes vagy r\u00e9szleges felhaszn\u00e1l\u00e1sa \u00edrott, nyomtatott vagy internetes sajt\u00f3ban vagy b\u00e1rmilyen fel nem sorolt form\u00e1ban, enged\u00e9lyk\u00f6teles. Egyeztet\u00e9s \u00e9s enged\u00e9lyeztet\u00e9s: pv-vonat@freemail.hu<br \/><\/strong><\/p>\t\t\t\t\t\t<\/div>\n\t\t\t\t<\/div>\n\t\t\t\t\t<\/div>\n\t\t<\/div>\n\t\t\t\t<div class=\"elementor-column elementor-col-33 elementor-top-column elementor-element elementor-element-5aa3f9c\" data-id=\"5aa3f9c\" data-element_type=\"column\">\n\t\t\t<div class=\"elementor-widget-wrap\">\n\t\t\t\t\t\t\t<\/div>\n\t\t<\/div>\n\t\t\t\t\t<\/div>\n\t\t<\/section>\n\t\t\t\t<\/div>\n\t\t","protected":false},"excerpt":{"rendered":"<p>Mindenkit \u00fcdv\u00f6zl\u00f6k ezen az oldalon, aki szereti az \u00c1llami P\u00e9nzver\u0151 \u00e1ltal gy\u00e1rtott, lemezb\u0151l k\u00e9sz\u00fclt j\u00e1t\u00e9kvasutakat, vagy m\u00e9g csak most ismerkedik ezekkel a r\u00e9gi, sz\u00e9p j\u00e1t\u00e9kokkal. Ezt az oldalt hi\u00e1nyp\u00f3tl\u00e1s c\u00e9lj\u00e1b\u00f3l hoztam l\u00e9tre, mivel eddig szinte semmilyen inform\u00e1ci\u00f3 nem \u00e1llt rendelkez\u00e9sre &hellip; <a href=\"https:\/\/www.pv-vonat.hu\/\">Egy kattint\u00e1s ide a folytat\u00e1shoz&#8230;. <span class=\"meta-nav\">&rarr;<\/span><\/a><\/p>\n","protected":false},"author":1,"featured_media":0,"parent":0,"menu_order":1,"comment_status":"closed","ping_status":"closed","template":"elementor_header_footer","meta":{"ngg_post_thumbnail":0,"footnotes":""},"_links":{"self":[{"href":"https:\/\/www.pv-vonat.hu\/index.php?rest_route=\/wp\/v2\/pages\/31"}],"collection":[{"href":"https:\/\/www.pv-vonat.hu\/index.php?rest_route=\/wp\/v2\/pages"}],"about":[{"href":"https:\/\/www.pv-vonat.hu\/index.php?rest_route=\/wp\/v2\/types\/page"}],"author":[{"embeddable":true,"href":"https:\/\/www.pv-vonat.hu\/index.php?rest_route=\/wp\/v2\/users\/1"}],"replies":[{"embeddable":true,"href":"https:\/\/www.pv-vonat.hu\/index.php?rest_route=%2Fwp%2Fv2%2Fcomments&post=31"}],"version-history":[{"count":26,"href":"https:\/\/www.pv-vonat.hu\/index.php?rest_route=\/wp\/v2\/pages\/31\/revisions"}],"predecessor-version":[{"id":1078,"href":"https:\/\/www.pv-vonat.hu\/index.php?rest_route=\/wp\/v2\/pages\/31\/revisions\/1078"}],"wp:attachment":[{"href":"https:\/\/www.pv-vonat.hu\/index.php?rest_route=%2Fwp%2Fv2%2Fmedia&parent=31"}],"curies":[{"name":"wp","href":"https:\/\/api.w.org\/{rel}","templated":true}]}}